{"id":388,"date":"2024-05-09T17:16:09","date_gmt":"2024-05-09T14:16:09","guid":{"rendered":"https:\/\/samae.fi\/?page_id=388"},"modified":"2025-10-27T14:16:52","modified_gmt":"2025-10-27T12:16:52","slug":"tarinamme","status":"publish","type":"page","link":"https:\/\/samae.fi\/sami\/tarinamme\/","title":{"rendered":"HISTORJ\u00c1MET"},"content":{"rendered":"<div data-elementor-type=\"wp-page\" data-elementor-id=\"388\" class=\"elementor elementor-388\" data-elementor-post-type=\"page\">\n\t\t\t\t<div class=\"elementor-element elementor-element-0acc069 e-flex e-con-boxed e-con e-parent\" data-id=\"0acc069\" data-element_type=\"container\" data-e-type=\"container\" data-settings=\"{&quot;background_background&quot;:&quot;classic&quot;,&quot;jet_parallax_layout_list&quot;:[]}\">\n\t\t\t\t\t<div class=\"e-con-inner\">\n\t\t<div class=\"elementor-element elementor-element-1d596b2 e-con-full elementor-hidden-mobile e-flex e-con e-child\" data-id=\"1d596b2\" data-element_type=\"container\" data-e-type=\"container\" data-settings=\"{&quot;jet_parallax_layout_list&quot;:[]}\">\n\t\t\t\t<div class=\"elementor-element elementor-element-0c48277 elementor-absolute elementor-hidden-mobile elementor-widget elementor-widget-text-editor\" data-id=\"0c48277\" data-element_type=\"widget\" data-e-type=\"widget\" data-settings=\"{&quot;_position&quot;:&quot;absolute&quot;}\" data-widget_type=\"text-editor.default\">\n\t\t\t\t<div class=\"elementor-widget-container\">\n\t\t\t\t\t\t\t\t\t<p>Govva: Maiju Forss<\/p>\t\t\t\t\t\t\t\t<\/div>\n\t\t\t\t<\/div>\n\t\t\t\t<\/div>\n\t\t<div class=\"elementor-element elementor-element-0ed7f28 e-con-full e-flex e-con e-child\" data-id=\"0ed7f28\" data-element_type=\"container\" data-e-type=\"container\" data-settings=\"{&quot;jet_parallax_layout_list&quot;:[]}\">\n\t\t<div class=\"elementor-element elementor-element-8640308 e-flex e-con-boxed e-con e-child\" data-id=\"8640308\" data-element_type=\"container\" data-e-type=\"container\" data-settings=\"{&quot;background_background&quot;:&quot;classic&quot;,&quot;jet_parallax_layout_list&quot;:[]}\">\n\t\t\t\t\t<div class=\"e-con-inner\">\n\t\t\t\t<div class=\"elementor-element elementor-element-5a657ba elementor-widget elementor-widget-theme-site-logo elementor-widget-image\" data-id=\"5a657ba\" data-element_type=\"widget\" data-e-type=\"widget\" data-widget_type=\"theme-site-logo.default\">\n\t\t\t\t<div class=\"elementor-widget-container\">\n\t\t\t\t\t\t\t\t\t\t\t<a href=\"https:\/\/samae.fi\/sami\">\n\t\t\t<img fetchpriority=\"high\" decoding=\"async\" width=\"434\" height=\"188\" src=\"https:\/\/samae.fi\/wp-content\/uploads\/2023\/04\/Samae_LOGO_2024_nimitunnus.png\" class=\"attachment-full size-full wp-image-1563\" alt=\"Samae logo\" srcset=\"https:\/\/samae.fi\/wp-content\/uploads\/2023\/04\/Samae_LOGO_2024_nimitunnus.png 434w, https:\/\/samae.fi\/wp-content\/uploads\/2023\/04\/Samae_LOGO_2024_nimitunnus-300x130.png 300w, https:\/\/samae.fi\/wp-content\/uploads\/2023\/04\/Samae_LOGO_2024_nimitunnus-18x8.png 18w\" sizes=\"(max-width: 434px) 100vw, 434px\" \/>\t\t\t\t<\/a>\n\t\t\t\t\t\t\t\t\t\t\t<\/div>\n\t\t\t\t<\/div>\n\t\t\t\t\t<\/div>\n\t\t\t\t<\/div>\n\t\t\t\t<\/div>\n\t\t\t\t\t<\/div>\n\t\t\t\t<\/div>\n\t\t<div class=\"elementor-element elementor-element-71a4573 e-con-full e-flex e-con e-parent\" data-id=\"71a4573\" data-element_type=\"container\" data-e-type=\"container\" data-settings=\"{&quot;jet_parallax_layout_list&quot;:[],&quot;background_background&quot;:&quot;classic&quot;}\">\n\t\t\t\t<div class=\"elementor-element elementor-element-8b5f203 elementor-widget elementor-widget-image\" data-id=\"8b5f203\" data-element_type=\"widget\" data-e-type=\"widget\" data-widget_type=\"image.default\">\n\t\t\t\t<div class=\"elementor-widget-container\">\n\t\t\t\t\t\t\t\t\t\t\t\t\t\t\t<img decoding=\"async\" width=\"508\" height=\"1024\" src=\"https:\/\/samae.fi\/wp-content\/uploads\/2024\/06\/Samae_metalli_kolmio_final-2-e1715332693238-508x1024.png\" class=\"attachment-large size-large wp-image-1246\" alt=\"Samae Oy:n metallinen kolmio iconi. Suuntaa vasemmalle.\" srcset=\"https:\/\/samae.fi\/wp-content\/uploads\/2024\/06\/Samae_metalli_kolmio_final-2-e1715332693238-508x1024.png 508w, https:\/\/samae.fi\/wp-content\/uploads\/2024\/06\/Samae_metalli_kolmio_final-2-e1715332693238-149x300.png 149w, https:\/\/samae.fi\/wp-content\/uploads\/2024\/06\/Samae_metalli_kolmio_final-2-e1715332693238-768x1547.png 768w, https:\/\/samae.fi\/wp-content\/uploads\/2024\/06\/Samae_metalli_kolmio_final-2-e1715332693238-763x1536.png 763w, https:\/\/samae.fi\/wp-content\/uploads\/2024\/06\/Samae_metalli_kolmio_final-2-e1715332693238-1017x2048.png 1017w, https:\/\/samae.fi\/wp-content\/uploads\/2024\/06\/Samae_metalli_kolmio_final-2-e1715332693238.png 1742w\" sizes=\"(max-width: 508px) 100vw, 508px\" \/>\t\t\t\t\t\t\t\t\t\t\t\t\t\t\t<\/div>\n\t\t\t\t<\/div>\n\t\t\t\t<\/div>\n\t\t<div class=\"elementor-element elementor-element-a15f359 e-flex e-con-boxed e-con e-parent\" data-id=\"a15f359\" data-element_type=\"container\" data-e-type=\"container\" data-settings=\"{&quot;jet_parallax_layout_list&quot;:[],&quot;background_background&quot;:&quot;classic&quot;}\">\n\t\t\t\t\t<div class=\"e-con-inner\">\n\t\t<div class=\"elementor-element elementor-element-bf3f3d8 e-con-full e-flex e-con e-child\" data-id=\"bf3f3d8\" data-element_type=\"container\" data-e-type=\"container\" data-settings=\"{&quot;jet_parallax_layout_list&quot;:[]}\">\n\t\t\t\t<div class=\"elementor-element elementor-element-60deea5 elementor-widget elementor-widget-heading\" data-id=\"60deea5\" data-element_type=\"widget\" data-e-type=\"widget\" data-widget_type=\"heading.default\">\n\t\t\t\t<div class=\"elementor-widget-container\">\n\t\t\t\t\t<h1 class=\"elementor-heading-title elementor-size-default\">Samaen takana<\/h1>\t\t\t\t<\/div>\n\t\t\t\t<\/div>\n\t\t\t\t<div class=\"elementor-element elementor-element-c0b14c7 elementor-widget elementor-widget-text-editor\" data-id=\"c0b14c7\" data-element_type=\"widget\" data-e-type=\"widget\" data-widget_type=\"text-editor.default\">\n\t\t\t\t<div class=\"elementor-widget-container\">\n\t\t\t\t\t\t\t\t\t<p>Olgoriikala\u0161 duog\u00e1\u017ea m\u00e1nn\u00e1n in goassige oaidn\u00e1n seamm\u00e1 liikeivnni olbmuid \u00e1\u0161\u0161edovdibargguin. D\u00e1n nupp\u00e1stussii d\u00e1rbba\u0161at nuppiideamet.<\/p>\t\t\t\t\t\t\t\t<\/div>\n\t\t\t\t<\/div>\n\t\t\t\t<div class=\"elementor-element elementor-element-811c2d2 elementor-widget elementor-widget-text-editor\" data-id=\"811c2d2\" data-element_type=\"widget\" data-e-type=\"widget\" data-widget_type=\"text-editor.default\">\n\t\t\t\t<div class=\"elementor-widget-container\">\n\t\t\t\t\t\t\t\t\t<p>Vuo\u0111\u0111udin Sam\u00e6 Oy lasihit fitnodagaid ja organisa\u0161uvnnaid \u00e1ddejumi ja geavatla\u0161 diehtod\u00e1idduid mat lakt\u00e1sit barggu ma\u014bis sisaf\u00e1rren olbmuid, jo Suomas lean olgoriikala\u0161 duog\u00e1\u017ea olbmuid ja *POC -olbmuid bargooa\u017e\u017eumii.<\/p><p>Badjel 20 jagi v\u00e1s\u00e1husain skuvlejeaddjin, logaldallin ja ma\u014b\u014beleappos oahpaheaddjin lean ovddidan riikkaidgaskasa\u0161vuo\u0111a, m\u00e1\u014bggah\u00e1matvuo\u0111a, searvadahttima ja ovttaveard\u00e1sa\u0161vuo\u0111a sierra organisa\u0161uvnnain, dego Suoma Rukses Ruossas, MIELI ry:s, Boles- ja Laurea- fidnoallaskuvllain, vuoigatvuo\u0111aministeriijas ja H\u00e4meenlinna g\u00e1vpogis.<\/p><p>Buoremus d\u00e1hp\u00e1husas kultuvrrala\u0161 m\u00e1\u014bggah\u00e1matvuohta lea fitnodahkii geaidnu menestupm\u00e1i ja luovv\u00e1 gilvvohallanovddu. Ovttas s\u00e1httit r\u00e1hkadit boahttevuo\u0111a Suoma, gos buohkat duog\u00e1\u017eis fuolatkeahtt\u00e1 s\u00e1httet bargat ja h\u00e1hpohallat nieguideaset.<\/p><p>Tmi Anu Myll\u00e4ri Y-tunnus 1417933-9<br \/>Monikulttuurisuuden ja moninaisuuden asiantuntija | Yhteis\u00f6pedagogi (AMK), AmO | Tradenomi (YAMK, k\u00e4ynniss\u00e4) | Tietokirjailija | Adoptoitu (Otava)<\/p>\t\t\t\t\t\t\t\t<\/div>\n\t\t\t\t<\/div>\n\t\t\t\t<\/div>\n\t\t<div class=\"elementor-element elementor-element-75b34ad e-con-full e-flex e-con e-child\" data-id=\"75b34ad\" data-element_type=\"container\" data-e-type=\"container\" data-settings=\"{&quot;jet_parallax_layout_list&quot;:[]}\">\n\t\t\t\t<div class=\"elementor-element elementor-element-56d8161 elementor-widget elementor-widget-image\" data-id=\"56d8161\" data-element_type=\"widget\" data-e-type=\"widget\" data-widget_type=\"image.default\">\n\t\t\t\t<div class=\"elementor-widget-container\">\n\t\t\t\t\t\t\t\t\t\t\t\t\t\t\t<img decoding=\"async\" width=\"683\" height=\"1024\" src=\"https:\/\/samae.fi\/wp-content\/uploads\/2024\/06\/Valmis2a-1-683x1024.jpg\" class=\"attachment-large size-large wp-image-1252\" alt=\"Anu-Rohima Myll\u00e4ri hymyilee toimiston portaikossa l\u00e4hikuvassa.\" srcset=\"https:\/\/samae.fi\/wp-content\/uploads\/2024\/06\/Valmis2a-1-683x1024.jpg 683w, https:\/\/samae.fi\/wp-content\/uploads\/2024\/06\/Valmis2a-1-200x300.jpg 200w, https:\/\/samae.fi\/wp-content\/uploads\/2024\/06\/Valmis2a-1-768x1152.jpg 768w, https:\/\/samae.fi\/wp-content\/uploads\/2024\/06\/Valmis2a-1.jpg 1024w\" sizes=\"(max-width: 683px) 100vw, 683px\" \/>\t\t\t\t\t\t\t\t\t\t\t\t\t\t\t<\/div>\n\t\t\t\t<\/div>\n\t\t\t\t<div class=\"elementor-element elementor-element-38a787f elementor-widget-mobile__width-inherit elementor-widget elementor-widget-text-editor\" data-id=\"38a787f\" data-element_type=\"widget\" data-e-type=\"widget\" data-widget_type=\"text-editor.default\">\n\t\t\t\t<div class=\"elementor-widget-container\">\n\t\t\t\t\t\t\t\t\t<p>Govva: Maiju Forss<\/p>\t\t\t\t\t\t\t\t<\/div>\n\t\t\t\t<\/div>\n\t\t\t\t<\/div>\n\t\t\t\t\t<\/div>\n\t\t\t\t<\/div>\n\t\t<div class=\"elementor-element elementor-element-3ed78a9 e-flex e-con-boxed e-con e-parent\" data-id=\"3ed78a9\" data-element_type=\"container\" data-e-type=\"container\" data-settings=\"{&quot;jet_parallax_layout_list&quot;:[]}\">\n\t\t\t\t\t<div class=\"e-con-inner\">\n\t\t<div class=\"elementor-element elementor-element-ee90f4b e-flex e-con-boxed e-con e-child\" data-id=\"ee90f4b\" data-element_type=\"container\" data-e-type=\"container\" data-settings=\"{&quot;jet_parallax_layout_list&quot;:[]}\">\n\t\t\t\t\t<div class=\"e-con-inner\">\n\t\t\t\t<div class=\"elementor-element elementor-element-9626f9b animated-slow elementor-invisible elementor-widget elementor-widget-heading\" data-id=\"9626f9b\" data-element_type=\"widget\" data-e-type=\"widget\" data-settings=\"{&quot;_animation&quot;:&quot;fadeIn&quot;,&quot;_animation_delay&quot;:300}\" data-widget_type=\"heading.default\">\n\t\t\t\t<div class=\"elementor-widget-container\">\n\t\t\t\t\t<h3 class=\"elementor-heading-title elementor-size-default\">\"Fihttema \u00e1igge, mus aldd\u00e1n d\u00e1hp\u00e1huvv\u00e1 nupp\u00e1stus.\"<\/h3>\t\t\t\t<\/div>\n\t\t\t\t<\/div>\n\t\t\t\t\t<\/div>\n\t\t\t\t<\/div>\n\t\t\t\t\t<\/div>\n\t\t\t\t<\/div>\n\t\t<div class=\"elementor-element elementor-element-d533731 e-flex e-con-boxed e-con e-parent\" data-id=\"d533731\" data-element_type=\"container\" data-e-type=\"container\" data-settings=\"{&quot;jet_parallax_layout_list&quot;:[]}\">\n\t\t\t\t\t<div class=\"e-con-inner\">\n\t\t<div class=\"elementor-element elementor-element-cde71b0 e-con-full e-flex e-con e-child\" data-id=\"cde71b0\" data-element_type=\"container\" data-e-type=\"container\" data-settings=\"{&quot;jet_parallax_layout_list&quot;:[]}\">\n\t\t\t\t<div class=\"elementor-element elementor-element-efaf37e elementor-widget elementor-widget-heading\" data-id=\"efaf37e\" data-element_type=\"widget\" data-e-type=\"widget\" data-widget_type=\"heading.default\">\n\t\t\t\t<div class=\"elementor-widget-container\">\n\t\t\t\t\t<h2 class=\"elementor-heading-title elementor-size-default\">H\u00e1liidat stivret fitnodagadet menestupm\u00e1i suvdilit ja v\u00e1sttola\u010d\u010dat<\/h2>\t\t\t\t<\/div>\n\t\t\t\t<\/div>\n\t\t\t\t<div class=\"elementor-element elementor-element-5d5b20f elementor-widget elementor-widget-text-editor\" data-id=\"5d5b20f\" data-element_type=\"widget\" data-e-type=\"widget\" data-widget_type=\"text-editor.default\">\n\t\t\t\t<div class=\"elementor-widget-container\">\n\t\t\t\t\t\t\t\t\t<p>M\u00e1\u014bggat dutkamu\u0161at \u010dujuhit, ahte buoremus innova\u0161uvnnat \u0161addet m\u00e1\u014bggabealat jurdda\u0161eamis ja ear\u00e1l\u00e1gan olbmuid joavkkus.<\/p>\t\t\t\t\t\t\t\t<\/div>\n\t\t\t\t<\/div>\n\t\t\t\t<div class=\"elementor-element elementor-element-61a0fba elementor-widget elementor-widget-text-editor\" data-id=\"61a0fba\" data-element_type=\"widget\" data-e-type=\"widget\" data-widget_type=\"text-editor.default\">\n\t\t\t\t<div class=\"elementor-widget-container\">\n\t\t\t\t\t\t\t\t\t<p>Ear\u00e1l\u00e1ganvuo\u0111a g\u00e1nneha oahppat \u00e1ddet ja atnit \u00e1vkin<strong>\u00a0&#8211; <\/strong> olbmuid oktasa\u0161 ie\u0161vuo\u0111aid bokte. Dat luovv\u00e1 vuo\u0111u suokkardallat, makk\u00e1ra\u0161 dahkkit v\u00e1ikkuhit min jurdagiidda ja v\u00e1lljejumiide fuolatkeahtt\u00e1 das, gos mii boahtit. O\u0111\u0111al\u00e1gan jurdda\u0161eami ja doaibmanm\u00e1lliid atnui v\u00e1ldin lea d\u00e1vj\u00e1 \u010doavddadahkki menestupm\u00e1i. <br \/>Duon g\u00e1rggiidanm\u00e1idnasis h\u00e1liidat leat mielde!\u00a0\u00a0<\/p>\t\t\t\t\t\t\t\t<\/div>\n\t\t\t\t<\/div>\n\t\t\t\t<\/div>\n\t\t\t\t\t<\/div>\n\t\t\t\t<\/div>\n\t\t\t\t<\/div>","protected":false},"excerpt":{"rendered":"<p>Valokuvaus Maiju Forss Samaen takana Ulkomaalaistaustaisena lapsena en koskaan n\u00e4hnyt itseni v\u00e4risi\u00e4 ihmisi\u00e4 asiantuntijaty\u00f6ss\u00e4. T\u00e4h\u00e4n muutokseen tarvitsemme toisiamme. Perustin Sam\u00e6 Oy:n lis\u00e4\u00e4m\u00e4\u00e4n yritysten ja organisaatioiden ymm\u00e4rryst\u00e4 ja k\u00e4yt\u00e4nn\u00f6n tietotaitoa liittyen ty\u00f6per\u00e4isten maahanmuuttajien, Suomessa jo olevien ulkomaalaistaustaisten sek\u00e4 *POC -ihmisten ty\u00f6llistymiseen. Yli 20 vuoden kokemuksella kouluttajana, luennoitsijana ja my\u00f6hemmin opettajana olen edist\u00e4nyt kansainv\u00e4lisyytt\u00e4, moninaisuutta, kotoutumista ja [&hellip;]<\/p>\n","protected":false},"author":3,"featured_media":0,"parent":0,"menu_order":0,"comment_status":"closed","ping_status":"closed","template":"","meta":{"iawp_total_views":334,"footnotes":""},"class_list":["post-388","page","type-page","status-publish","hentry"],"_links":{"self":[{"href":"https:\/\/samae.fi\/sami\/wp-json\/wp\/v2\/pages\/388","targetHints":{"allow":["GET"]}}],"collection":[{"href":"https:\/\/samae.fi\/sami\/wp-json\/wp\/v2\/pages"}],"about":[{"href":"https:\/\/samae.fi\/sami\/wp-json\/wp\/v2\/types\/page"}],"author":[{"embeddable":true,"href":"https:\/\/samae.fi\/sami\/wp-json\/wp\/v2\/users\/3"}],"replies":[{"embeddable":true,"href":"https:\/\/samae.fi\/sami\/wp-json\/wp\/v2\/comments?post=388"}],"version-history":[{"count":0,"href":"https:\/\/samae.fi\/sami\/wp-json\/wp\/v2\/pages\/388\/revisions"}],"wp:attachment":[{"href":"https:\/\/samae.fi\/sami\/wp-json\/wp\/v2\/media?parent=388"}],"curies":[{"name":"wp","href":"https:\/\/api.w.org\/{rel}","templated":true}]}}