{"id":388,"date":"2024-05-09T17:16:09","date_gmt":"2024-05-09T14:16:09","guid":{"rendered":"https:\/\/samae.fi\/?page_id=388"},"modified":"2025-10-27T14:16:52","modified_gmt":"2025-10-27T12:16:52","slug":"tarinamme","status":"publish","type":"page","link":"https:\/\/samae.fi\/sv\/tarinamme\/","title":{"rendered":"BER\u00c4TTELSE"},"content":{"rendered":"<div data-elementor-type=\"wp-page\" data-elementor-id=\"388\" class=\"elementor elementor-388\" data-elementor-post-type=\"page\">\n\t\t\t\t<div class=\"elementor-element elementor-element-0acc069 e-flex e-con-boxed e-con e-parent\" data-id=\"0acc069\" data-element_type=\"container\" data-e-type=\"container\" data-settings=\"{&quot;background_background&quot;:&quot;classic&quot;,&quot;jet_parallax_layout_list&quot;:[]}\">\n\t\t\t\t\t<div class=\"e-con-inner\">\n\t\t<div class=\"elementor-element elementor-element-1d596b2 e-con-full elementor-hidden-mobile e-flex e-con e-child\" data-id=\"1d596b2\" data-element_type=\"container\" data-e-type=\"container\" data-settings=\"{&quot;jet_parallax_layout_list&quot;:[]}\">\n\t\t\t\t<div class=\"elementor-element elementor-element-0c48277 elementor-absolute elementor-hidden-mobile elementor-widget elementor-widget-text-editor\" data-id=\"0c48277\" data-element_type=\"widget\" data-e-type=\"widget\" data-settings=\"{&quot;_position&quot;:&quot;absolute&quot;}\" data-widget_type=\"text-editor.default\">\n\t\t\t\t<div class=\"elementor-widget-container\">\n\t\t\t\t\t\t\t\t\t<p>Fotografi, Maiju Forss<\/p>\t\t\t\t\t\t\t\t<\/div>\n\t\t\t\t<\/div>\n\t\t\t\t<\/div>\n\t\t<div class=\"elementor-element elementor-element-0ed7f28 e-con-full e-flex e-con e-child\" data-id=\"0ed7f28\" data-element_type=\"container\" data-e-type=\"container\" data-settings=\"{&quot;jet_parallax_layout_list&quot;:[]}\">\n\t\t<div class=\"elementor-element elementor-element-8640308 e-flex e-con-boxed e-con e-child\" data-id=\"8640308\" data-element_type=\"container\" data-e-type=\"container\" data-settings=\"{&quot;background_background&quot;:&quot;classic&quot;,&quot;jet_parallax_layout_list&quot;:[]}\">\n\t\t\t\t\t<div class=\"e-con-inner\">\n\t\t\t\t<div class=\"elementor-element elementor-element-5a657ba elementor-widget elementor-widget-theme-site-logo elementor-widget-image\" data-id=\"5a657ba\" data-element_type=\"widget\" data-e-type=\"widget\" data-widget_type=\"theme-site-logo.default\">\n\t\t\t\t<div class=\"elementor-widget-container\">\n\t\t\t\t\t\t\t\t\t\t\t<a href=\"https:\/\/samae.fi\/sv\">\n\t\t\t<img fetchpriority=\"high\" decoding=\"async\" width=\"434\" height=\"188\" src=\"https:\/\/samae.fi\/wp-content\/uploads\/2023\/04\/Samae_LOGO_2024_nimitunnus.png\" class=\"attachment-full size-full wp-image-1563\" alt=\"Samae logo\" srcset=\"https:\/\/samae.fi\/wp-content\/uploads\/2023\/04\/Samae_LOGO_2024_nimitunnus.png 434w, https:\/\/samae.fi\/wp-content\/uploads\/2023\/04\/Samae_LOGO_2024_nimitunnus-300x130.png 300w, https:\/\/samae.fi\/wp-content\/uploads\/2023\/04\/Samae_LOGO_2024_nimitunnus-18x8.png 18w\" sizes=\"(max-width: 434px) 100vw, 434px\" \/>\t\t\t\t<\/a>\n\t\t\t\t\t\t\t\t\t\t\t<\/div>\n\t\t\t\t<\/div>\n\t\t\t\t\t<\/div>\n\t\t\t\t<\/div>\n\t\t\t\t<\/div>\n\t\t\t\t\t<\/div>\n\t\t\t\t<\/div>\n\t\t<div class=\"elementor-element elementor-element-71a4573 e-con-full e-flex e-con e-parent\" data-id=\"71a4573\" data-element_type=\"container\" data-e-type=\"container\" data-settings=\"{&quot;jet_parallax_layout_list&quot;:[],&quot;background_background&quot;:&quot;classic&quot;}\">\n\t\t\t\t<div class=\"elementor-element elementor-element-8b5f203 elementor-widget elementor-widget-image\" data-id=\"8b5f203\" data-element_type=\"widget\" data-e-type=\"widget\" data-widget_type=\"image.default\">\n\t\t\t\t<div class=\"elementor-widget-container\">\n\t\t\t\t\t\t\t\t\t\t\t\t\t\t\t<img decoding=\"async\" width=\"508\" height=\"1024\" src=\"https:\/\/samae.fi\/wp-content\/uploads\/2024\/06\/Samae_metalli_kolmio_final-2-e1715332693238-508x1024.png\" class=\"attachment-large size-large wp-image-1246\" alt=\"Samae Oy:n metallinen kolmio iconi. Suuntaa vasemmalle.\" srcset=\"https:\/\/samae.fi\/wp-content\/uploads\/2024\/06\/Samae_metalli_kolmio_final-2-e1715332693238-508x1024.png 508w, https:\/\/samae.fi\/wp-content\/uploads\/2024\/06\/Samae_metalli_kolmio_final-2-e1715332693238-149x300.png 149w, https:\/\/samae.fi\/wp-content\/uploads\/2024\/06\/Samae_metalli_kolmio_final-2-e1715332693238-768x1547.png 768w, https:\/\/samae.fi\/wp-content\/uploads\/2024\/06\/Samae_metalli_kolmio_final-2-e1715332693238-763x1536.png 763w, https:\/\/samae.fi\/wp-content\/uploads\/2024\/06\/Samae_metalli_kolmio_final-2-e1715332693238-1017x2048.png 1017w, https:\/\/samae.fi\/wp-content\/uploads\/2024\/06\/Samae_metalli_kolmio_final-2-e1715332693238.png 1742w\" sizes=\"(max-width: 508px) 100vw, 508px\" \/>\t\t\t\t\t\t\t\t\t\t\t\t\t\t\t<\/div>\n\t\t\t\t<\/div>\n\t\t\t\t<\/div>\n\t\t<div class=\"elementor-element elementor-element-a15f359 e-flex e-con-boxed e-con e-parent\" data-id=\"a15f359\" data-element_type=\"container\" data-e-type=\"container\" data-settings=\"{&quot;jet_parallax_layout_list&quot;:[],&quot;background_background&quot;:&quot;classic&quot;}\">\n\t\t\t\t\t<div class=\"e-con-inner\">\n\t\t<div class=\"elementor-element elementor-element-bf3f3d8 e-con-full e-flex e-con e-child\" data-id=\"bf3f3d8\" data-element_type=\"container\" data-e-type=\"container\" data-settings=\"{&quot;jet_parallax_layout_list&quot;:[]}\">\n\t\t\t\t<div class=\"elementor-element elementor-element-60deea5 elementor-widget elementor-widget-heading\" data-id=\"60deea5\" data-element_type=\"widget\" data-e-type=\"widget\" data-widget_type=\"heading.default\">\n\t\t\t\t<div class=\"elementor-widget-container\">\n\t\t\t\t\t<h1 class=\"elementor-heading-title elementor-size-default\">Samaen takana<\/h1>\t\t\t\t<\/div>\n\t\t\t\t<\/div>\n\t\t\t\t<div class=\"elementor-element elementor-element-c0b14c7 elementor-widget elementor-widget-text-editor\" data-id=\"c0b14c7\" data-element_type=\"widget\" data-e-type=\"widget\" data-widget_type=\"text-editor.default\">\n\t\t\t\t<div class=\"elementor-widget-container\">\n\t\t\t\t\t\t\t\t\t<p>Som barn med utl\u00e4ndsk bakgrund s\u00e5g jag aldrig m\u00e4nniskor av min f\u00e4rg arbeta som experter. F\u00f6r denna f\u00f6r\u00e4ndring beh\u00f6ver vi varandra.<\/p>\t\t\t\t\t\t\t\t<\/div>\n\t\t\t\t<\/div>\n\t\t\t\t<div class=\"elementor-element elementor-element-811c2d2 elementor-widget elementor-widget-text-editor\" data-id=\"811c2d2\" data-element_type=\"widget\" data-e-type=\"widget\" data-widget_type=\"text-editor.default\">\n\t\t\t\t<div class=\"elementor-widget-container\">\n\t\t\t\t\t\t\t\t\t<p>Jag grundade Sam\u00e6 Oy f\u00f6r att \u00f6ka f\u00f6rst\u00e5elsen och det praktiska kunnandet hos f\u00f6retag och organisationer n\u00e4r det g\u00e4ller anst\u00e4llning av arbetskraftsinvandrare, personer med utl\u00e4ndsk bakgrund som redan befinner sig i Finland och *POC-personer.<\/p><p>Med \u00f6ver 20 \u00e5rs erfarenhet som utbildare, f\u00f6rel\u00e4sare och senare som l\u00e4rare har jag fr\u00e4mjat internationalitet, m\u00e5ngfald, integration och j\u00e4mst\u00e4lldhet i olika organisationer, s\u00e5som Finlands R\u00f6da Kors, MIELI rf, polisen och yrkesh\u00f6gskolorna Laurea, justitieministeriet och Tavastehus stad.<\/p><p>I b\u00e4sta fall \u00e4r kulturell m\u00e5ngfald v\u00e4gen till framg\u00e5ng f\u00f6r ett f\u00f6retag och skapar konkurrensf\u00f6rdelar. Tillsammans kan vi bygga framtidens Finland, d\u00e4r alla, oavsett bakgrund, kan arbeta och f\u00f6rverkliga sina dr\u00f6mmar.<\/p><p>Tmi Anu Myll\u00e4ri Y-tunnus 1417933-9<br \/>Expert p\u00e5 m\u00e5ngkultur och m\u00e5ngfald | Community Educator (YH), pedagogisk beh\u00f6righet | Tradenom (YH, p\u00e5byggnadsstudier p\u00e5g\u00e5r) | Fackboksf\u00f6rfattare | Adopterad (Otava)<\/p>\t\t\t\t\t\t\t\t<\/div>\n\t\t\t\t<\/div>\n\t\t\t\t<\/div>\n\t\t<div class=\"elementor-element elementor-element-75b34ad e-con-full e-flex e-con e-child\" data-id=\"75b34ad\" data-element_type=\"container\" data-e-type=\"container\" data-settings=\"{&quot;jet_parallax_layout_list&quot;:[]}\">\n\t\t\t\t<div class=\"elementor-element elementor-element-56d8161 elementor-widget elementor-widget-image\" data-id=\"56d8161\" data-element_type=\"widget\" data-e-type=\"widget\" data-widget_type=\"image.default\">\n\t\t\t\t<div class=\"elementor-widget-container\">\n\t\t\t\t\t\t\t\t\t\t\t\t\t\t\t<img decoding=\"async\" width=\"683\" height=\"1024\" src=\"https:\/\/samae.fi\/wp-content\/uploads\/2024\/06\/Valmis2a-1-683x1024.jpg\" class=\"attachment-large size-large wp-image-1252\" alt=\"Anu-Rohima Myll\u00e4ri hymyilee toimiston portaikossa l\u00e4hikuvassa.\" srcset=\"https:\/\/samae.fi\/wp-content\/uploads\/2024\/06\/Valmis2a-1-683x1024.jpg 683w, https:\/\/samae.fi\/wp-content\/uploads\/2024\/06\/Valmis2a-1-200x300.jpg 200w, https:\/\/samae.fi\/wp-content\/uploads\/2024\/06\/Valmis2a-1-768x1152.jpg 768w, https:\/\/samae.fi\/wp-content\/uploads\/2024\/06\/Valmis2a-1.jpg 1024w\" sizes=\"(max-width: 683px) 100vw, 683px\" \/>\t\t\t\t\t\t\t\t\t\t\t\t\t\t\t<\/div>\n\t\t\t\t<\/div>\n\t\t\t\t<div class=\"elementor-element elementor-element-38a787f elementor-widget-mobile__width-inherit elementor-widget elementor-widget-text-editor\" data-id=\"38a787f\" data-element_type=\"widget\" data-e-type=\"widget\" data-widget_type=\"text-editor.default\">\n\t\t\t\t<div class=\"elementor-widget-container\">\n\t\t\t\t\t\t\t\t\t<p>Fotografi, Maiju Forss<\/p>\t\t\t\t\t\t\t\t<\/div>\n\t\t\t\t<\/div>\n\t\t\t\t<\/div>\n\t\t\t\t\t<\/div>\n\t\t\t\t<\/div>\n\t\t<div class=\"elementor-element elementor-element-3ed78a9 e-flex e-con-boxed e-con e-parent\" data-id=\"3ed78a9\" data-element_type=\"container\" data-e-type=\"container\" data-settings=\"{&quot;jet_parallax_layout_list&quot;:[]}\">\n\t\t\t\t\t<div class=\"e-con-inner\">\n\t\t<div class=\"elementor-element elementor-element-ee90f4b e-flex e-con-boxed e-con e-child\" data-id=\"ee90f4b\" data-element_type=\"container\" data-e-type=\"container\" data-settings=\"{&quot;jet_parallax_layout_list&quot;:[]}\">\n\t\t\t\t\t<div class=\"e-con-inner\">\n\t\t\t\t<div class=\"elementor-element elementor-element-9626f9b animated-slow elementor-invisible elementor-widget elementor-widget-heading\" data-id=\"9626f9b\" data-element_type=\"widget\" data-e-type=\"widget\" data-settings=\"{&quot;_animation&quot;:&quot;fadeIn&quot;,&quot;_animation_delay&quot;:300}\" data-widget_type=\"heading.default\">\n\t\t\t\t<div class=\"elementor-widget-container\">\n\t\t\t\t\t<h3 class=\"elementor-heading-title elementor-size-default\">\"I insiktens \u00f6gonblick sker en f\u00f6r\u00e4ndring i mig.\"<\/h3>\t\t\t\t<\/div>\n\t\t\t\t<\/div>\n\t\t\t\t\t<\/div>\n\t\t\t\t<\/div>\n\t\t\t\t\t<\/div>\n\t\t\t\t<\/div>\n\t\t<div class=\"elementor-element elementor-element-d533731 e-flex e-con-boxed e-con e-parent\" data-id=\"d533731\" data-element_type=\"container\" data-e-type=\"container\" data-settings=\"{&quot;jet_parallax_layout_list&quot;:[]}\">\n\t\t\t\t\t<div class=\"e-con-inner\">\n\t\t<div class=\"elementor-element elementor-element-cde71b0 e-con-full e-flex e-con e-child\" data-id=\"cde71b0\" data-element_type=\"container\" data-e-type=\"container\" data-settings=\"{&quot;jet_parallax_layout_list&quot;:[]}\">\n\t\t\t\t<div class=\"elementor-element elementor-element-efaf37e elementor-widget elementor-widget-heading\" data-id=\"efaf37e\" data-element_type=\"widget\" data-e-type=\"widget\" data-widget_type=\"heading.default\">\n\t\t\t\t<div class=\"elementor-widget-container\">\n\t\t\t\t\t<h2 class=\"elementor-heading-title elementor-size-default\">Vi vill v\u00e4gleda ditt f\u00f6retag till h\u00e5llbar och ansvarsfull framg\u00e5ng.<\/h2>\t\t\t\t<\/div>\n\t\t\t\t<\/div>\n\t\t\t\t<div class=\"elementor-element elementor-element-5d5b20f elementor-widget elementor-widget-text-editor\" data-id=\"5d5b20f\" data-element_type=\"widget\" data-e-type=\"widget\" data-widget_type=\"text-editor.default\">\n\t\t\t\t<div class=\"elementor-widget-container\">\n\t\t\t\t\t\t\t\t\t<p>M\u00e5nga studier visar att de b\u00e4sta innovationerna kommer fr\u00e5n ett m\u00e5ngsidigt t\u00e4nkande och en grupp olika m\u00e4nniskor.<\/p>\t\t\t\t\t\t\t\t<\/div>\n\t\t\t\t<\/div>\n\t\t\t\t<div class=\"elementor-element elementor-element-61a0fba elementor-widget elementor-widget-text-editor\" data-id=\"61a0fba\" data-element_type=\"widget\" data-e-type=\"widget\" data-widget_type=\"text-editor.default\">\n\t\t\t\t<div class=\"elementor-widget-container\">\n\t\t\t\t\t\t\t\t\t<p>Det l\u00f6nar sig att l\u00e4ra sig att f\u00f6rst\u00e5 och utnyttja olikheter<strong>\u00a0&#8211; <\/strong> genom m\u00e4nniskors gemensamma egenskaper. Det skapar trygghet att reflektera \u00f6ver vilka faktorer som p\u00e5verkar v\u00e5rt t\u00e4nkande och v\u00e5ra val, oavsett var vi kommer ifr\u00e5n. Att ta i bruk nya s\u00e4tt att t\u00e4nka och verksamhetsmodeller \u00e4r ofta nyckeln till framg\u00e5ng. <br \/>Vi vill vara en del av den tillv\u00e4xthistorien tillsammans med dig!\u00a0\u00a0<\/p>\t\t\t\t\t\t\t\t<\/div>\n\t\t\t\t<\/div>\n\t\t\t\t<\/div>\n\t\t\t\t\t<\/div>\n\t\t\t\t<\/div>\n\t\t\t\t<\/div>","protected":false},"excerpt":{"rendered":"<p>Valokuvaus Maiju Forss Samaen takana Ulkomaalaistaustaisena lapsena en koskaan n\u00e4hnyt itseni v\u00e4risi\u00e4 ihmisi\u00e4 asiantuntijaty\u00f6ss\u00e4. T\u00e4h\u00e4n muutokseen tarvitsemme toisiamme. Perustin Sam\u00e6 Oy:n lis\u00e4\u00e4m\u00e4\u00e4n yritysten ja organisaatioiden ymm\u00e4rryst\u00e4 ja k\u00e4yt\u00e4nn\u00f6n tietotaitoa liittyen ty\u00f6per\u00e4isten maahanmuuttajien, Suomessa jo olevien ulkomaalaistaustaisten sek\u00e4 *POC -ihmisten ty\u00f6llistymiseen. Yli 20 vuoden kokemuksella kouluttajana, luennoitsijana ja my\u00f6hemmin opettajana olen edist\u00e4nyt kansainv\u00e4lisyytt\u00e4, moninaisuutta, kotoutumista ja [&hellip;]<\/p>\n","protected":false},"author":3,"featured_media":0,"parent":0,"menu_order":0,"comment_status":"closed","ping_status":"closed","template":"","meta":{"iawp_total_views":334,"footnotes":""},"class_list":["post-388","page","type-page","status-publish","hentry"],"_links":{"self":[{"href":"https:\/\/samae.fi\/sv\/wp-json\/wp\/v2\/pages\/388","targetHints":{"allow":["GET"]}}],"collection":[{"href":"https:\/\/samae.fi\/sv\/wp-json\/wp\/v2\/pages"}],"about":[{"href":"https:\/\/samae.fi\/sv\/wp-json\/wp\/v2\/types\/page"}],"author":[{"embeddable":true,"href":"https:\/\/samae.fi\/sv\/wp-json\/wp\/v2\/users\/3"}],"replies":[{"embeddable":true,"href":"https:\/\/samae.fi\/sv\/wp-json\/wp\/v2\/comments?post=388"}],"version-history":[{"count":0,"href":"https:\/\/samae.fi\/sv\/wp-json\/wp\/v2\/pages\/388\/revisions"}],"wp:attachment":[{"href":"https:\/\/samae.fi\/sv\/wp-json\/wp\/v2\/media?parent=388"}],"curies":[{"name":"wp","href":"https:\/\/api.w.org\/{rel}","templated":true}]}}